{"id":3621,"date":"2023-08-28T17:27:47","date_gmt":"2023-08-28T22:27:47","guid":{"rendered":"http:\/\/motores-japoneses.com\/nueva\/?page_id=3621"},"modified":"2023-10-24T12:12:53","modified_gmt":"2023-10-24T17:12:53","slug":"terminos-y-condiciones","status":"publish","type":"page","link":"https:\/\/motores-japoneses.com\/nueva\/terminos-y-condiciones\/","title":{"rendered":"Terminos y condiciones"},"content":{"rendered":"<section class=\"wpb-content-wrapper\"><p>[vc_row][vc_column][vc_custom_heading text=&#8221;TERMINOS Y CONDICIONES&#8221; font_container=&#8221;tag:h2|font_size:35px|text_align:center|color:%23303030&#8243; google_fonts=&#8221;font_family:Roboto%3A100%2C100italic%2C300%2C300italic%2Cregular%2Citalic%2C500%2C500italic%2C700%2C700italic%2C900%2C900italic|font_style:900%20bold%20regular%3A900%3Anormal&#8221;][vc_empty_space height=&#8221;52px&#8221;][\/vc_column][\/vc_row][vc_row][vc_column width=&#8221;2\/3&#8243;][vc_empty_space][vc_column_text]<\/p>\n<p style=\"text-align: justify; font-size: 20px; color: black;\">Autorizo de forma previa, consciente, expresa e informada a <span style=\"color: #303030;\"><strong>MOTORES JAPONSES S.A.S<\/strong> <\/span>en calidad de Responsable del Tratamiento de mi informaci\u00f3n personal, para que incorpore mis datos personales recopilados mediante este formato en una base de datos de su titularidad, con la finalidad de mantenerme informado a trav\u00e9s de cualquier medio de comunicaci\u00f3n creado o por crearse, incluido la v\u00eda electr\u00f3nica, sobre nuevos productos, servicios, ofertas, boletines de noticias, descuentos, publicidad sobre los productos de la empresa, as\u00ed como para el uso y almacenamiento de los mismos para realizar an\u00e1lisis estad\u00edsticos y estudios internos sobre h\u00e1bitos de consumo y otros de marketing y, en general, para las dem\u00e1s finalidades del tratamiento que sean aplicables contempladas en el Aviso de Privacidad y la Pol\u00edtica de Tratamiento de Datos Personales de la empresa disponibles en: www.motores-japoneses.com<\/p>\n<p>[\/vc_column_text][\/vc_column][vc_column width=&#8221;1\/3&#8243;][vc_single_image image=&#8221;3819&#8243; img_size=&#8221;medium&#8221; alignment=&#8221;center&#8221;][\/vc_column][\/vc_row][vc_row][vc_column][vc_column_text]<\/p>\n<p style=\"text-align: justify; font-size: 20px; color: black;\">Declaro que he sido informado sobre las medidas de seguridad implementadas para garantizar la conservaci\u00f3n y confidencialidad sobre mis datos personales y sobre los derechos que como titular de los mismos puedo ejercer, es decir, los derechos de acceso, rectificaci\u00f3n, prueba de autorizaci\u00f3n, oposici\u00f3n y supresi\u00f3n, este \u00faltimo cuando no medie un deber legal o contractual que lo impida, en la forma establecida en el Aviso de Privacidad y la Pol\u00edtica de Tratamiento de Datos Personales disponibles en: www.motores-japoneses.com<\/p>\n<p style=\"text-align: justify; font-size: 20px; color: black;\">Cualquier solicitud relacionada comunicarse al correo proteccionbd@motores-japoneses.com<\/p>\n<p>[\/vc_column_text][\/vc_column][\/vc_row]<\/p>\n<\/section>","protected":false},"excerpt":{"rendered":"<p>[vc_row][vc_column][vc_custom_heading text=&#8221;TERMINOS Y CONDICIONES&#8221; font_container=&#8221;tag:h2|font_size:35px|text_align:center|color:%23303030&#8243; google_fonts=&#8221;font_family:Roboto%3A100%2C100italic%2C300%2C300italic%2Cregular%2Citalic%2C500%2C500italic%2C700%2C700italic%2C900%2C900italic|font_style:900%20bold%20regular%3A900%3Anormal&#8221;][vc_empty_space height=&#8221;52px&#8221;][\/vc_column][\/vc_row][vc_row][vc_column width=&#8221;2\/3&#8243;][vc_empty_space][vc_column_text] Autorizo de forma previa, consciente, expresa e informada a MOTORES JAPONSES S.A.S en calidad de Responsable del Tratamiento de mi informaci\u00f3n personal, para que incorpore mis datos personales recopilados mediante este formato en una base de datos de su titularidad, con la finalidad de mantenerme informado a &hellip; <a href=\"https:\/\/motores-japoneses.com\/nueva\/terminos-y-condiciones\/\" class=\"more-link\">Continue reading <span class=\"screen-reader-text\">Terminos y condiciones<\/span><\/a><\/p>\n","protected":false},"author":1,"featured_media":0,"parent":0,"menu_order":0,"comment_status":"closed","ping_status":"closed","template":"","meta":{"footnotes":""},"class_list":["post-3621","page","type-page","status-publish","hentry"],"yoast_head":"<!-- This site is optimized with the Yoast SEO plugin v26.0 - https:\/\/yoast.com\/wordpress\/plugins\/seo\/ -->\n<title>Terminos y condiciones - MOTORES JAPONESES<\/title>\n<meta name=\"robots\" content=\"index, follow, max-snippet:-1, max-image-preview:large, max-video-preview:-1\" \/>\n<link rel=\"canonical\" href=\"https:\/\/motores-japoneses.com\/nueva\/terminos-y-condiciones\/\" \/>\n<meta property=\"og:locale\" content=\"es_ES\" \/>\n<meta property=\"og:type\" content=\"article\" \/>\n<meta property=\"og:title\" content=\"Terminos y condiciones - MOTORES JAPONESES\" \/>\n<meta property=\"og:description\" content=\"[vc_row][vc_column][vc_custom_heading text=&#8221;TERMINOS Y CONDICIONES&#8221; font_container=&#8221;tag:h2|font_size:35px|text_align:center|color:%23303030&#8243; google_fonts=&#8221;font_family:Roboto%3A100%2C100italic%2C300%2C300italic%2Cregular%2Citalic%2C500%2C500italic%2C700%2C700italic%2C900%2C900italic|font_style:900%20bold%20regular%3A900%3Anormal&#8221;][vc_empty_space height=&#8221;52px&#8221;][\/vc_column][\/vc_row][vc_row][vc_column width=&#8221;2\/3&#8243;][vc_empty_space][vc_column_text] Autorizo de forma previa, consciente, expresa e informada a MOTORES JAPONSES S.A.S en calidad de Responsable del Tratamiento de mi informaci\u00f3n personal, para que incorpore mis datos personales recopilados mediante este formato en una base de datos de su titularidad, con la finalidad de mantenerme informado a &hellip; Continue reading Terminos y condiciones\" \/>\n<meta property=\"og:url\" content=\"https:\/\/motores-japoneses.com\/nueva\/terminos-y-condiciones\/\" \/>\n<meta property=\"og:site_name\" content=\"MOTORES JAPONESES\" \/>\n<meta property=\"article:publisher\" content=\"https:\/\/www.facebook.com\/MotoresJaponeses.col\/?locale=es_LA\" \/>\n<meta property=\"article:modified_time\" content=\"2023-10-24T17:12:53+00:00\" \/>\n<meta name=\"twitter:card\" content=\"summary_large_image\" \/>\n<meta name=\"twitter:label1\" content=\"Tiempo de lectura\" \/>\n\t<meta name=\"twitter:data1\" content=\"2 minutos\" \/>\n<script type=\"application\/ld+json\" class=\"yoast-schema-graph\">{\"@context\":\"https:\/\/schema.org\",\"@graph\":[{\"@type\":\"WebPage\",\"@id\":\"https:\/\/motores-japoneses.com\/nueva\/terminos-y-condiciones\/\",\"url\":\"https:\/\/motores-japoneses.com\/nueva\/terminos-y-condiciones\/\",\"name\":\"Terminos y condiciones - MOTORES JAPONESES\",\"isPartOf\":{\"@id\":\"http:\/\/motores-japoneses.com\/nueva\/#website\"},\"datePublished\":\"2023-08-28T22:27:47+00:00\",\"dateModified\":\"2023-10-24T17:12:53+00:00\",\"breadcrumb\":{\"@id\":\"https:\/\/motores-japoneses.com\/nueva\/terminos-y-condiciones\/#breadcrumb\"},\"inLanguage\":\"es-CO\",\"potentialAction\":[{\"@type\":\"ReadAction\",\"target\":[\"https:\/\/motores-japoneses.com\/nueva\/terminos-y-condiciones\/\"]}]},{\"@type\":\"BreadcrumbList\",\"@id\":\"https:\/\/motores-japoneses.com\/nueva\/terminos-y-condiciones\/#breadcrumb\",\"itemListElement\":[{\"@type\":\"ListItem\",\"position\":1,\"name\":\"Inicio\",\"item\":\"http:\/\/motores-japoneses.com\/nueva\/\"},{\"@type\":\"ListItem\",\"position\":2,\"name\":\"Terminos y condiciones\"}]},{\"@type\":\"WebSite\",\"@id\":\"http:\/\/motores-japoneses.com\/nueva\/#website\",\"url\":\"http:\/\/motores-japoneses.com\/nueva\/\",\"name\":\"MOTORES JAPONESES S.A.S\",\"description\":\"Importamos para usted repuestos automotores\",\"publisher\":{\"@id\":\"http:\/\/motores-japoneses.com\/nueva\/#organization\"},\"potentialAction\":[{\"@type\":\"SearchAction\",\"target\":{\"@type\":\"EntryPoint\",\"urlTemplate\":\"http:\/\/motores-japoneses.com\/nueva\/?s={search_term_string}\"},\"query-input\":{\"@type\":\"PropertyValueSpecification\",\"valueRequired\":true,\"valueName\":\"search_term_string\"}}],\"inLanguage\":\"es-CO\"},{\"@type\":\"Organization\",\"@id\":\"http:\/\/motores-japoneses.com\/nueva\/#organization\",\"name\":\"MOTORES JAPONESES S.A.S\",\"url\":\"http:\/\/motores-japoneses.com\/nueva\/\",\"logo\":{\"@type\":\"ImageObject\",\"inLanguage\":\"es-CO\",\"@id\":\"http:\/\/motores-japoneses.com\/nueva\/#\/schema\/logo\/image\/\",\"url\":\"https:\/\/motores-japoneses.com\/nueva\/wp-content\/uploads\/2023\/10\/fondo-blanco-sas-png.png\",\"contentUrl\":\"https:\/\/motores-japoneses.com\/nueva\/wp-content\/uploads\/2023\/10\/fondo-blanco-sas-png.png\",\"width\":802,\"height\":330,\"caption\":\"MOTORES JAPONESES S.A.S\"},\"image\":{\"@id\":\"http:\/\/motores-japoneses.com\/nueva\/#\/schema\/logo\/image\/\"},\"sameAs\":[\"https:\/\/www.facebook.com\/MotoresJaponeses.col\/?locale=es_LA\",\"https:\/\/www.instagram.com\/motoresjaponeses.col\/\"]}]}<\/script>\n<!-- \/ Yoast SEO plugin. -->","yoast_head_json":{"title":"Terminos y condiciones - MOTORES JAPONESES","robots":{"index":"index","follow":"follow","max-snippet":"max-snippet:-1","max-image-preview":"max-image-preview:large","max-video-preview":"max-video-preview:-1"},"canonical":"https:\/\/motores-japoneses.com\/nueva\/terminos-y-condiciones\/","og_locale":"es_ES","og_type":"article","og_title":"Terminos y condiciones - MOTORES JAPONESES","og_description":"[vc_row][vc_column][vc_custom_heading text=&#8221;TERMINOS Y CONDICIONES&#8221; font_container=&#8221;tag:h2|font_size:35px|text_align:center|color:%23303030&#8243; google_fonts=&#8221;font_family:Roboto%3A100%2C100italic%2C300%2C300italic%2Cregular%2Citalic%2C500%2C500italic%2C700%2C700italic%2C900%2C900italic|font_style:900%20bold%20regular%3A900%3Anormal&#8221;][vc_empty_space height=&#8221;52px&#8221;][\/vc_column][\/vc_row][vc_row][vc_column width=&#8221;2\/3&#8243;][vc_empty_space][vc_column_text] Autorizo de forma previa, consciente, expresa e informada a MOTORES JAPONSES S.A.S en calidad de Responsable del Tratamiento de mi informaci\u00f3n personal, para que incorpore mis datos personales recopilados mediante este formato en una base de datos de su titularidad, con la finalidad de mantenerme informado a &hellip; Continue reading Terminos y condiciones","og_url":"https:\/\/motores-japoneses.com\/nueva\/terminos-y-condiciones\/","og_site_name":"MOTORES JAPONESES","article_publisher":"https:\/\/www.facebook.com\/MotoresJaponeses.col\/?locale=es_LA","article_modified_time":"2023-10-24T17:12:53+00:00","twitter_card":"summary_large_image","twitter_misc":{"Tiempo de lectura":"2 minutos"},"schema":{"@context":"https:\/\/schema.org","@graph":[{"@type":"WebPage","@id":"https:\/\/motores-japoneses.com\/nueva\/terminos-y-condiciones\/","url":"https:\/\/motores-japoneses.com\/nueva\/terminos-y-condiciones\/","name":"Terminos y condiciones - MOTORES JAPONESES","isPartOf":{"@id":"http:\/\/motores-japoneses.com\/nueva\/#website"},"datePublished":"2023-08-28T22:27:47+00:00","dateModified":"2023-10-24T17:12:53+00:00","breadcrumb":{"@id":"https:\/\/motores-japoneses.com\/nueva\/terminos-y-condiciones\/#breadcrumb"},"inLanguage":"es-CO","potentialAction":[{"@type":"ReadAction","target":["https:\/\/motores-japoneses.com\/nueva\/terminos-y-condiciones\/"]}]},{"@type":"BreadcrumbList","@id":"https:\/\/motores-japoneses.com\/nueva\/terminos-y-condiciones\/#breadcrumb","itemListElement":[{"@type":"ListItem","position":1,"name":"Inicio","item":"http:\/\/motores-japoneses.com\/nueva\/"},{"@type":"ListItem","position":2,"name":"Terminos y condiciones"}]},{"@type":"WebSite","@id":"http:\/\/motores-japoneses.com\/nueva\/#website","url":"http:\/\/motores-japoneses.com\/nueva\/","name":"MOTORES JAPONESES S.A.S","description":"Importamos para usted repuestos automotores","publisher":{"@id":"http:\/\/motores-japoneses.com\/nueva\/#organization"},"potentialAction":[{"@type":"SearchAction","target":{"@type":"EntryPoint","urlTemplate":"http:\/\/motores-japoneses.com\/nueva\/?s={search_term_string}"},"query-input":{"@type":"PropertyValueSpecification","valueRequired":true,"valueName":"search_term_string"}}],"inLanguage":"es-CO"},{"@type":"Organization","@id":"http:\/\/motores-japoneses.com\/nueva\/#organization","name":"MOTORES JAPONESES S.A.S","url":"http:\/\/motores-japoneses.com\/nueva\/","logo":{"@type":"ImageObject","inLanguage":"es-CO","@id":"http:\/\/motores-japoneses.com\/nueva\/#\/schema\/logo\/image\/","url":"https:\/\/motores-japoneses.com\/nueva\/wp-content\/uploads\/2023\/10\/fondo-blanco-sas-png.png","contentUrl":"https:\/\/motores-japoneses.com\/nueva\/wp-content\/uploads\/2023\/10\/fondo-blanco-sas-png.png","width":802,"height":330,"caption":"MOTORES JAPONESES S.A.S"},"image":{"@id":"http:\/\/motores-japoneses.com\/nueva\/#\/schema\/logo\/image\/"},"sameAs":["https:\/\/www.facebook.com\/MotoresJaponeses.col\/?locale=es_LA","https:\/\/www.instagram.com\/motoresjaponeses.col\/"]}]}},"_links":{"self":[{"href":"https:\/\/motores-japoneses.com\/nueva\/wp-json\/wp\/v2\/pages\/3621","targetHints":{"allow":["GET"]}}],"collection":[{"href":"https:\/\/motores-japoneses.com\/nueva\/wp-json\/wp\/v2\/pages"}],"about":[{"href":"https:\/\/motores-japoneses.com\/nueva\/wp-json\/wp\/v2\/types\/page"}],"author":[{"embeddable":true,"href":"https:\/\/motores-japoneses.com\/nueva\/wp-json\/wp\/v2\/users\/1"}],"replies":[{"embeddable":true,"href":"https:\/\/motores-japoneses.com\/nueva\/wp-json\/wp\/v2\/comments?post=3621"}],"version-history":[{"count":25,"href":"https:\/\/motores-japoneses.com\/nueva\/wp-json\/wp\/v2\/pages\/3621\/revisions"}],"predecessor-version":[{"id":3853,"href":"https:\/\/motores-japoneses.com\/nueva\/wp-json\/wp\/v2\/pages\/3621\/revisions\/3853"}],"wp:attachment":[{"href":"https:\/\/motores-japoneses.com\/nueva\/wp-json\/wp\/v2\/media?parent=3621"}],"curies":[{"name":"wp","href":"https:\/\/api.w.org\/{rel}","templated":true}]}}