{"id":3272,"date":"2023-07-28T15:35:00","date_gmt":"2023-07-28T20:35:00","guid":{"rendered":"http:\/\/motores-japoneses.com\/nueva\/?page_id=3272"},"modified":"2023-10-24T12:09:18","modified_gmt":"2023-10-24T17:09:18","slug":"politicas-cambios-devoluciones","status":"publish","type":"page","link":"https:\/\/motores-japoneses.com\/nueva\/politicas-cambios-devoluciones\/","title":{"rendered":"Pol\u00edticas cambios devoluciones"},"content":{"rendered":"<section class=\"wpb-content-wrapper\"><p>[vc_row][vc_column width=&#8221;1\/4&#8243;][vc_single_image image=&#8221;3352&#8243; img_size=&#8221;large&#8221;][\/vc_column][vc_column width=&#8221;3\/4&#8243;][vc_empty_space][vc_empty_space height=&#8221;12px&#8221;][vc_custom_heading text=&#8221;APRECIADO CLIENTE&#8221; font_container=&#8221;tag:h2|font_size:25|text_align:center|color:%23303030&#8243; google_fonts=&#8221;font_family:Roboto%3A100%2C100italic%2C300%2C300italic%2Cregular%2Citalic%2C500%2C500italic%2C700%2C700italic%2C900%2C900italic|font_style:700%20bold%20regular%3A700%3Anormal&#8221; css=&#8221;.vc_custom_1698166959444{margin-left: -200px !important;}&#8221;][\/vc_column][\/vc_row][vc_row][vc_column][vc_empty_space][\/vc_column][\/vc_row][vc_row][vc_column][vc_column_text]<\/p>\n<p style=\"text-align: justify; font-size: 14px; color: black;\">Usted acaba de adquirir una parte para su veh\u00edculo que es una pieza de alta calidad y precisi\u00f3n, la cual debe ser instalada con la seguridad de que es la pieza indicada, para el veh\u00edculo indicado y con el personal calificado y la herramienta adecuada para realizar el procedimiento.<\/p>\n<p style=\"text-align: justify; font-size: 14px; color: black;\">A continuaci\u00f3n, relacionamos los requisitos para atender devoluciones y garant\u00edas:<\/p>\n<p style=\"text-align: justify; font-size: 14px; color: black;\">1. Presentar la factura de compra<br \/>\n2. Cambios y devoluciones s\u00f3lo dentro de los 10 d\u00edas h\u00e1biles, cumpliendo con los requisitos establecidos en este documento<br \/>\n3. SIN EXCEPCI\u00d3N, para cualquier cambio, devoluci\u00f3n o garant\u00eda, el producto debe de estar en perfecto estado, tener su empaque original en optimas condiciones y todas sus partes o accesorios completos.<br \/>\n4. La garant\u00eda se aplicar\u00e1 cuando el producto sea revisado y diagnosticado por nuestro personal calificado.<br \/>\n5. Plazo m\u00e1ximo para solicitar una garant\u00eda ser\u00e1 60 d\u00edas a partir de la fecha de compra, no por kilometraje.<br \/>\n6. El tiempo estimado de respuesta para una garant\u00eda es de 3 d\u00edas para producto importado y 8 d\u00edas con proveedores nacionales.<br \/>\n7. Para una garant\u00eda deber\u00e1 suministrar datos personales como nombre completo, numero identificaci\u00f3n, direcci\u00f3n y tel\u00e9fono; esto para la debida gesti\u00f3n de la garant\u00eda.<br \/>\n8. Se debe generar la autorizaci\u00f3n para el tratamiento de datos personales de acuerdo a la pol\u00edtica de tratamiento de datos personales de la empresa, conforme con la ley 1581 de 2012. La cual puede ser consultada en nuestra pagina web.<\/p>\n<p style=\"text-align: justify; font-size: 14px; color: black;\"><strong>NO COBERTURA DE LA GARANTIA:<br \/>\n<\/strong><br \/>\na. Los empaques, retenes, guayas y partes el\u00e9ctricas no tienen garant\u00edas despu\u00e9s de ser instalados.<br \/>\nb. Si el producto ha sido manipulado o modificado de su forma original.<br \/>\nc. Si el producto ha sido utilizado en una aplicaci\u00f3n diferente a la recomendada.<br \/>\nd. Si el da\u00f1o del producto es causado por la falla de otra pieza del veh\u00edculo<br \/>\ne. No cubre ning\u00fan da\u00f1o causado por manejo incorrecto, accidentes y dem\u00e1s factores externos a la estructura del producto.<br \/>\nf. Cuando el producto ha sido usado fuera de sus par\u00e1metros de operaci\u00f3n para el cual fue dise\u00f1ado.<br \/>\ng. Cuando la falla sea originada por el desgaste normal de las piezas debido al uso.<br \/>\nh. No cubre da\u00f1os o aver\u00edas a otros componentes del veh\u00edculo.<br \/>\ni. No cubre lucro cesante, gastos de fletes, transportes ni mano de obra alguna.<br \/>\nj. El incumplimiento a alguno de los 8 puntos iniciales.<\/p>\n<p>&nbsp;<\/p>\n<p style=\"text-align: justify; font-size: 14px; color: black;\"><strong>NOTA:<\/strong> De acuerdo con el art\u00edculo 16 de la ley 1480 de 2011 son causales de exoneraci\u00f3n de responsabilidades del productor o proveedor, el uso indebido del bien por parte del consumidor y que el consumidor no atienda las recomendaciones indicadas al momento de la entrega del producto y la pol\u00edtica de garant\u00eda.<\/p>\n<p style=\"text-align: justify; font-size: 14px; color: black;\">Cualquier informaci\u00f3n adicional, <strong>comun\u00edquese con nosotros<\/strong>:<\/p>\n<p style=\"text-align: justify; font-size: 14px; color: black;\">* PBX\u00a0 602 6671422<strong><br \/>\n<\/strong>* Pagina web:\u00a0<strong> www.motores-japoneses.com<br \/>\n* <\/strong>Correo electronico: info@motores-japoneses.com<strong><br \/>\n<\/strong><\/p>\n<p>[\/vc_column_text][\/vc_column][\/vc_row]<\/p>\n<\/section>","protected":false},"excerpt":{"rendered":"<p>[vc_row][vc_column width=&#8221;1\/4&#8243;][vc_single_image image=&#8221;3352&#8243; img_size=&#8221;large&#8221;][\/vc_column][vc_column width=&#8221;3\/4&#8243;][vc_empty_space][vc_empty_space height=&#8221;12px&#8221;][vc_custom_heading text=&#8221;APRECIADO CLIENTE&#8221; font_container=&#8221;tag:h2|font_size:25|text_align:center|color:%23303030&#8243; google_fonts=&#8221;font_family:Roboto%3A100%2C100italic%2C300%2C300italic%2Cregular%2Citalic%2C500%2C500italic%2C700%2C700italic%2C900%2C900italic|font_style:700%20bold%20regular%3A700%3Anormal&#8221; css=&#8221;.vc_custom_1698166959444{margin-left: -200px !important;}&#8221;][\/vc_column][\/vc_row][vc_row][vc_column][vc_empty_space][\/vc_column][\/vc_row][vc_row][vc_column][vc_column_text] Usted acaba de adquirir una parte para su veh\u00edculo que es una pieza de alta calidad y precisi\u00f3n, la cual debe ser instalada con la seguridad de que es la pieza indicada, para el veh\u00edculo indicado y con el personal calificado y &hellip; <a href=\"https:\/\/motores-japoneses.com\/nueva\/politicas-cambios-devoluciones\/\" class=\"more-link\">Continue reading <span class=\"screen-reader-text\">Pol\u00edticas cambios devoluciones<\/span><\/a><\/p>\n","protected":false},"author":1,"featured_media":0,"parent":0,"menu_order":0,"comment_status":"closed","ping_status":"closed","template":"","meta":{"footnotes":""},"class_list":["post-3272","page","type-page","status-publish","hentry"],"yoast_head":"<!-- This site is optimized with the Yoast SEO plugin v26.0 - https:\/\/yoast.com\/wordpress\/plugins\/seo\/ -->\n<title>Pol\u00edticas cambios devoluciones - MOTORES JAPONESES<\/title>\n<meta name=\"robots\" content=\"index, follow, max-snippet:-1, max-image-preview:large, max-video-preview:-1\" \/>\n<link rel=\"canonical\" href=\"https:\/\/motores-japoneses.com\/nueva\/politicas-cambios-devoluciones\/\" \/>\n<meta property=\"og:locale\" content=\"es_ES\" \/>\n<meta property=\"og:type\" content=\"article\" \/>\n<meta property=\"og:title\" content=\"Pol\u00edticas cambios devoluciones - MOTORES JAPONESES\" \/>\n<meta property=\"og:description\" content=\"[vc_row][vc_column width=&#8221;1\/4&#8243;][vc_single_image image=&#8221;3352&#8243; img_size=&#8221;large&#8221;][\/vc_column][vc_column width=&#8221;3\/4&#8243;][vc_empty_space][vc_empty_space height=&#8221;12px&#8221;][vc_custom_heading text=&#8221;APRECIADO CLIENTE&#8221; font_container=&#8221;tag:h2|font_size:25|text_align:center|color:%23303030&#8243; google_fonts=&#8221;font_family:Roboto%3A100%2C100italic%2C300%2C300italic%2Cregular%2Citalic%2C500%2C500italic%2C700%2C700italic%2C900%2C900italic|font_style:700%20bold%20regular%3A700%3Anormal&#8221; css=&#8221;.vc_custom_1698166959444{margin-left: -200px !important;}&#8221;][\/vc_column][\/vc_row][vc_row][vc_column][vc_empty_space][\/vc_column][\/vc_row][vc_row][vc_column][vc_column_text] Usted acaba de adquirir una parte para su veh\u00edculo que es una pieza de alta calidad y precisi\u00f3n, la cual debe ser instalada con la seguridad de que es la pieza indicada, para el veh\u00edculo indicado y con el personal calificado y &hellip; Continue reading Pol\u00edticas cambios devoluciones\" \/>\n<meta property=\"og:url\" content=\"https:\/\/motores-japoneses.com\/nueva\/politicas-cambios-devoluciones\/\" \/>\n<meta property=\"og:site_name\" content=\"MOTORES JAPONESES\" \/>\n<meta property=\"article:publisher\" content=\"https:\/\/www.facebook.com\/MotoresJaponeses.col\/?locale=es_LA\" \/>\n<meta property=\"article:modified_time\" content=\"2023-10-24T17:09:18+00:00\" \/>\n<meta name=\"twitter:card\" content=\"summary_large_image\" \/>\n<meta name=\"twitter:label1\" content=\"Tiempo de lectura\" \/>\n\t<meta name=\"twitter:data1\" content=\"3 minutos\" \/>\n<script type=\"application\/ld+json\" class=\"yoast-schema-graph\">{\"@context\":\"https:\/\/schema.org\",\"@graph\":[{\"@type\":\"WebPage\",\"@id\":\"https:\/\/motores-japoneses.com\/nueva\/politicas-cambios-devoluciones\/\",\"url\":\"https:\/\/motores-japoneses.com\/nueva\/politicas-cambios-devoluciones\/\",\"name\":\"Pol\u00edticas cambios devoluciones - MOTORES JAPONESES\",\"isPartOf\":{\"@id\":\"http:\/\/motores-japoneses.com\/nueva\/#website\"},\"datePublished\":\"2023-07-28T20:35:00+00:00\",\"dateModified\":\"2023-10-24T17:09:18+00:00\",\"breadcrumb\":{\"@id\":\"https:\/\/motores-japoneses.com\/nueva\/politicas-cambios-devoluciones\/#breadcrumb\"},\"inLanguage\":\"es-CO\",\"potentialAction\":[{\"@type\":\"ReadAction\",\"target\":[\"https:\/\/motores-japoneses.com\/nueva\/politicas-cambios-devoluciones\/\"]}]},{\"@type\":\"BreadcrumbList\",\"@id\":\"https:\/\/motores-japoneses.com\/nueva\/politicas-cambios-devoluciones\/#breadcrumb\",\"itemListElement\":[{\"@type\":\"ListItem\",\"position\":1,\"name\":\"Inicio\",\"item\":\"http:\/\/motores-japoneses.com\/nueva\/\"},{\"@type\":\"ListItem\",\"position\":2,\"name\":\"Pol\u00edticas cambios devoluciones\"}]},{\"@type\":\"WebSite\",\"@id\":\"http:\/\/motores-japoneses.com\/nueva\/#website\",\"url\":\"http:\/\/motores-japoneses.com\/nueva\/\",\"name\":\"MOTORES JAPONESES S.A.S\",\"description\":\"Importamos para usted repuestos automotores\",\"publisher\":{\"@id\":\"http:\/\/motores-japoneses.com\/nueva\/#organization\"},\"potentialAction\":[{\"@type\":\"SearchAction\",\"target\":{\"@type\":\"EntryPoint\",\"urlTemplate\":\"http:\/\/motores-japoneses.com\/nueva\/?s={search_term_string}\"},\"query-input\":{\"@type\":\"PropertyValueSpecification\",\"valueRequired\":true,\"valueName\":\"search_term_string\"}}],\"inLanguage\":\"es-CO\"},{\"@type\":\"Organization\",\"@id\":\"http:\/\/motores-japoneses.com\/nueva\/#organization\",\"name\":\"MOTORES JAPONESES S.A.S\",\"url\":\"http:\/\/motores-japoneses.com\/nueva\/\",\"logo\":{\"@type\":\"ImageObject\",\"inLanguage\":\"es-CO\",\"@id\":\"http:\/\/motores-japoneses.com\/nueva\/#\/schema\/logo\/image\/\",\"url\":\"https:\/\/motores-japoneses.com\/nueva\/wp-content\/uploads\/2023\/10\/fondo-blanco-sas-png.png\",\"contentUrl\":\"https:\/\/motores-japoneses.com\/nueva\/wp-content\/uploads\/2023\/10\/fondo-blanco-sas-png.png\",\"width\":802,\"height\":330,\"caption\":\"MOTORES JAPONESES S.A.S\"},\"image\":{\"@id\":\"http:\/\/motores-japoneses.com\/nueva\/#\/schema\/logo\/image\/\"},\"sameAs\":[\"https:\/\/www.facebook.com\/MotoresJaponeses.col\/?locale=es_LA\",\"https:\/\/www.instagram.com\/motoresjaponeses.col\/\"]}]}<\/script>\n<!-- \/ Yoast SEO plugin. -->","yoast_head_json":{"title":"Pol\u00edticas cambios devoluciones - MOTORES JAPONESES","robots":{"index":"index","follow":"follow","max-snippet":"max-snippet:-1","max-image-preview":"max-image-preview:large","max-video-preview":"max-video-preview:-1"},"canonical":"https:\/\/motores-japoneses.com\/nueva\/politicas-cambios-devoluciones\/","og_locale":"es_ES","og_type":"article","og_title":"Pol\u00edticas cambios devoluciones - MOTORES JAPONESES","og_description":"[vc_row][vc_column width=&#8221;1\/4&#8243;][vc_single_image image=&#8221;3352&#8243; img_size=&#8221;large&#8221;][\/vc_column][vc_column width=&#8221;3\/4&#8243;][vc_empty_space][vc_empty_space height=&#8221;12px&#8221;][vc_custom_heading text=&#8221;APRECIADO CLIENTE&#8221; font_container=&#8221;tag:h2|font_size:25|text_align:center|color:%23303030&#8243; google_fonts=&#8221;font_family:Roboto%3A100%2C100italic%2C300%2C300italic%2Cregular%2Citalic%2C500%2C500italic%2C700%2C700italic%2C900%2C900italic|font_style:700%20bold%20regular%3A700%3Anormal&#8221; css=&#8221;.vc_custom_1698166959444{margin-left: -200px !important;}&#8221;][\/vc_column][\/vc_row][vc_row][vc_column][vc_empty_space][\/vc_column][\/vc_row][vc_row][vc_column][vc_column_text] Usted acaba de adquirir una parte para su veh\u00edculo que es una pieza de alta calidad y precisi\u00f3n, la cual debe ser instalada con la seguridad de que es la pieza indicada, para el veh\u00edculo indicado y con el personal calificado y &hellip; Continue reading Pol\u00edticas cambios devoluciones","og_url":"https:\/\/motores-japoneses.com\/nueva\/politicas-cambios-devoluciones\/","og_site_name":"MOTORES JAPONESES","article_publisher":"https:\/\/www.facebook.com\/MotoresJaponeses.col\/?locale=es_LA","article_modified_time":"2023-10-24T17:09:18+00:00","twitter_card":"summary_large_image","twitter_misc":{"Tiempo de lectura":"3 minutos"},"schema":{"@context":"https:\/\/schema.org","@graph":[{"@type":"WebPage","@id":"https:\/\/motores-japoneses.com\/nueva\/politicas-cambios-devoluciones\/","url":"https:\/\/motores-japoneses.com\/nueva\/politicas-cambios-devoluciones\/","name":"Pol\u00edticas cambios devoluciones - MOTORES JAPONESES","isPartOf":{"@id":"http:\/\/motores-japoneses.com\/nueva\/#website"},"datePublished":"2023-07-28T20:35:00+00:00","dateModified":"2023-10-24T17:09:18+00:00","breadcrumb":{"@id":"https:\/\/motores-japoneses.com\/nueva\/politicas-cambios-devoluciones\/#breadcrumb"},"inLanguage":"es-CO","potentialAction":[{"@type":"ReadAction","target":["https:\/\/motores-japoneses.com\/nueva\/politicas-cambios-devoluciones\/"]}]},{"@type":"BreadcrumbList","@id":"https:\/\/motores-japoneses.com\/nueva\/politicas-cambios-devoluciones\/#breadcrumb","itemListElement":[{"@type":"ListItem","position":1,"name":"Inicio","item":"http:\/\/motores-japoneses.com\/nueva\/"},{"@type":"ListItem","position":2,"name":"Pol\u00edticas cambios devoluciones"}]},{"@type":"WebSite","@id":"http:\/\/motores-japoneses.com\/nueva\/#website","url":"http:\/\/motores-japoneses.com\/nueva\/","name":"MOTORES JAPONESES S.A.S","description":"Importamos para usted repuestos automotores","publisher":{"@id":"http:\/\/motores-japoneses.com\/nueva\/#organization"},"potentialAction":[{"@type":"SearchAction","target":{"@type":"EntryPoint","urlTemplate":"http:\/\/motores-japoneses.com\/nueva\/?s={search_term_string}"},"query-input":{"@type":"PropertyValueSpecification","valueRequired":true,"valueName":"search_term_string"}}],"inLanguage":"es-CO"},{"@type":"Organization","@id":"http:\/\/motores-japoneses.com\/nueva\/#organization","name":"MOTORES JAPONESES S.A.S","url":"http:\/\/motores-japoneses.com\/nueva\/","logo":{"@type":"ImageObject","inLanguage":"es-CO","@id":"http:\/\/motores-japoneses.com\/nueva\/#\/schema\/logo\/image\/","url":"https:\/\/motores-japoneses.com\/nueva\/wp-content\/uploads\/2023\/10\/fondo-blanco-sas-png.png","contentUrl":"https:\/\/motores-japoneses.com\/nueva\/wp-content\/uploads\/2023\/10\/fondo-blanco-sas-png.png","width":802,"height":330,"caption":"MOTORES JAPONESES S.A.S"},"image":{"@id":"http:\/\/motores-japoneses.com\/nueva\/#\/schema\/logo\/image\/"},"sameAs":["https:\/\/www.facebook.com\/MotoresJaponeses.col\/?locale=es_LA","https:\/\/www.instagram.com\/motoresjaponeses.col\/"]}]}},"_links":{"self":[{"href":"https:\/\/motores-japoneses.com\/nueva\/wp-json\/wp\/v2\/pages\/3272","targetHints":{"allow":["GET"]}}],"collection":[{"href":"https:\/\/motores-japoneses.com\/nueva\/wp-json\/wp\/v2\/pages"}],"about":[{"href":"https:\/\/motores-japoneses.com\/nueva\/wp-json\/wp\/v2\/types\/page"}],"author":[{"embeddable":true,"href":"https:\/\/motores-japoneses.com\/nueva\/wp-json\/wp\/v2\/users\/1"}],"replies":[{"embeddable":true,"href":"https:\/\/motores-japoneses.com\/nueva\/wp-json\/wp\/v2\/comments?post=3272"}],"version-history":[{"count":21,"href":"https:\/\/motores-japoneses.com\/nueva\/wp-json\/wp\/v2\/pages\/3272\/revisions"}],"predecessor-version":[{"id":3852,"href":"https:\/\/motores-japoneses.com\/nueva\/wp-json\/wp\/v2\/pages\/3272\/revisions\/3852"}],"wp:attachment":[{"href":"https:\/\/motores-japoneses.com\/nueva\/wp-json\/wp\/v2\/media?parent=3272"}],"curies":[{"name":"wp","href":"https:\/\/api.w.org\/{rel}","templated":true}]}}