{"id":3237,"date":"2023-07-28T15:02:05","date_gmt":"2023-07-28T20:02:05","guid":{"rendered":"http:\/\/motores-japoneses.com\/nueva\/?page_id=3237"},"modified":"2023-08-08T09:46:44","modified_gmt":"2023-08-08T14:46:44","slug":"lubricacion-del-auto","status":"publish","type":"page","link":"https:\/\/motores-japoneses.com\/nueva\/lubricacion-del-auto\/","title":{"rendered":"Lubricaci\u00f3n del Auto"},"content":{"rendered":"<section class=\"wpb-content-wrapper\"><p>[vc_row][vc_column][vc_custom_heading text=&#8221;Lubricaci\u00f3n Del Veh\u00edculo&#8221; font_container=&#8221;tag:h2|font_size:32px|text_align:center|color:%231e8541&#8243; google_fonts=&#8221;font_family:Roboto%3A100%2C100italic%2C300%2C300italic%2Cregular%2Citalic%2C500%2C500italic%2C700%2C700italic%2C900%2C900italic|font_style:700%20bold%20regular%3A700%3Anormal&#8221;][vc_empty_space][\/vc_column][\/vc_row][vc_row][vc_column width=&#8221;1\/2&#8243;][vc_single_image image=&#8221;3245&#8243; img_size=&#8221;650&#215;410&#8243; style=&#8221;vc_box_outline&#8221; border_color=&#8221;juicy_pink&#8221; onclick=&#8221;zoom&#8221;][\/vc_column][vc_column css_animation=&#8221;bounceInRight&#8221; width=&#8221;1\/2&#8243;][vc_empty_space][vc_column_text]<\/p>\n<p style=\"text-align: justify; font-size: 18px; color: black;\">La selecci\u00f3n del lubricante correcto y su debida aplicaci\u00f3n a intervalos regulares contribuyen a prolongar la duraci\u00f3n de todas las piezas m\u00f3viles del veh\u00edculo. Consecuentemente, es importante utilizar aceites adecuados. La selecci\u00f3n correcta del aceite tendr\u00e1 mucho que ver con el rendimiento, la eficiencia, econom\u00eda y duraci\u00f3n del motor. Verifique a diario el nivel del aceite del motor, con el auto nivelado y el motor fr\u00edo -antes de su operaci\u00f3n-, o con el motor caliente -5 a 10 minutos despu\u00e9s de apagado. Cambie el aceite de motor cada 10 mil kil\u00f3metros, el de los frenos cada 20 mil y el de la transmisi\u00f3n cada 40 mil kil\u00f3metros. El sistema de enfriamiento del motor debe mantenerse en buen estado para el funcionamiento seguro del autom\u00f3vil. Verifique con frecuencia el nivel del l\u00edquido anticongelante del reservorio del radiador. Una vez al a\u00f1o o cada 30 mil kil\u00f3metros, con el motor fr\u00edo, drene el sistema de enfriamiento del motor. Revise frecuentemente el nivel del fluido para frenos.<\/p>\n<p>[\/vc_column_text][\/vc_column][\/vc_row][vc_row][vc_column][vc_empty_space height=&#8221;52px&#8221;][\/vc_column][\/vc_row][vc_row][vc_column css_animation=&#8221;bounceInLeft&#8221; width=&#8221;1\/2&#8243;][vc_empty_space][vc_column_text]<\/p>\n<p style=\"text-align: justify; font-size: 18px; color: black;\">Cambio de aceite Los aceites han sido dotados de grandes mejoras, las condiciones de manejo han cambiado y las mejoras en los motores, tal como el sistema de ventilaci\u00f3n de la caja del cig\u00fce\u00f1al, han prolongado mucho la duraci\u00f3n de los aceites de buena calidad. Sin embargo, para tener el mejor rendimiento, el m\u00e1s bajo costo de mantenimiento y una larga duraci\u00f3n del motor, es necesario cambiar el aceite de la caja del cig\u00fce\u00f1al cada vez que se contamine con materias da\u00f1inas extra\u00f1as. En condiciones de manejo normales se recomienda vaciar el aceite de la caja del cig\u00fce\u00f1al y volver a llenar est\u00e1 con aceite fresco despu\u00e9s de cada 3.200 kil\u00f3metros de recorrido. Siempre conviene vaciar la caja del cig\u00fce\u00f1al s\u00f3lo despu\u00e9s de que el motor se haya calentado por completo o haya alcanzado su temperatura normal de funcionamiento. Se pierde gran parte del beneficio que supone cambiar el aceite si la caja del cig\u00fce\u00f1al se drena cuando el motor est\u00e1 fr\u00edo, ya que parte de las materias extra\u00f1as suspendidas se adherir\u00e1n a los lados del dep\u00f3sito de aceite y no saldr\u00e1n con facilidad con el aceite fr\u00edo de movimiento m\u00e1s lento.<\/p>\n<p>[\/vc_column_text][\/vc_column][vc_column width=&#8221;1\/2&#8243;][vc_single_image image=&#8221;3244&#8243; img_size=&#8221;large&#8221; style=&#8221;vc_box_outline&#8221; border_color=&#8221;juicy_pink&#8221; onclick=&#8221;zoom&#8221;][\/vc_column][\/vc_row]<\/p>\n<\/section>","protected":false},"excerpt":{"rendered":"<p>[vc_row][vc_column][vc_custom_heading text=&#8221;Lubricaci\u00f3n Del Veh\u00edculo&#8221; font_container=&#8221;tag:h2|font_size:32px|text_align:center|color:%231e8541&#8243; google_fonts=&#8221;font_family:Roboto%3A100%2C100italic%2C300%2C300italic%2Cregular%2Citalic%2C500%2C500italic%2C700%2C700italic%2C900%2C900italic|font_style:700%20bold%20regular%3A700%3Anormal&#8221;][vc_empty_space][\/vc_column][\/vc_row][vc_row][vc_column width=&#8221;1\/2&#8243;][vc_single_image image=&#8221;3245&#8243; img_size=&#8221;650&#215;410&#8243; style=&#8221;vc_box_outline&#8221; border_color=&#8221;juicy_pink&#8221; onclick=&#8221;zoom&#8221;][\/vc_column][vc_column css_animation=&#8221;bounceInRight&#8221; width=&#8221;1\/2&#8243;][vc_empty_space][vc_column_text] La selecci\u00f3n del lubricante correcto y su debida aplicaci\u00f3n a intervalos regulares contribuyen a prolongar la duraci\u00f3n de todas las piezas m\u00f3viles del veh\u00edculo. Consecuentemente, es importante utilizar aceites adecuados. La selecci\u00f3n correcta del aceite tendr\u00e1 mucho que ver con el &hellip; <a href=\"https:\/\/motores-japoneses.com\/nueva\/lubricacion-del-auto\/\" class=\"more-link\">Continue reading <span class=\"screen-reader-text\">Lubricaci\u00f3n del Auto<\/span><\/a><\/p>\n","protected":false},"author":1,"featured_media":0,"parent":0,"menu_order":0,"comment_status":"closed","ping_status":"closed","template":"","meta":{"footnotes":""},"class_list":["post-3237","page","type-page","status-publish","hentry"],"yoast_head":"<!-- This site is optimized with the Yoast SEO plugin v26.0 - https:\/\/yoast.com\/wordpress\/plugins\/seo\/ -->\n<title>Lubricaci\u00f3n del Auto - MOTORES JAPONESES<\/title>\n<meta name=\"robots\" content=\"index, follow, max-snippet:-1, max-image-preview:large, max-video-preview:-1\" \/>\n<link rel=\"canonical\" href=\"https:\/\/motores-japoneses.com\/nueva\/lubricacion-del-auto\/\" \/>\n<meta property=\"og:locale\" content=\"es_ES\" \/>\n<meta property=\"og:type\" content=\"article\" \/>\n<meta property=\"og:title\" content=\"Lubricaci\u00f3n del Auto - MOTORES JAPONESES\" \/>\n<meta property=\"og:description\" content=\"[vc_row][vc_column][vc_custom_heading text=&#8221;Lubricaci\u00f3n Del Veh\u00edculo&#8221; font_container=&#8221;tag:h2|font_size:32px|text_align:center|color:%231e8541&#8243; google_fonts=&#8221;font_family:Roboto%3A100%2C100italic%2C300%2C300italic%2Cregular%2Citalic%2C500%2C500italic%2C700%2C700italic%2C900%2C900italic|font_style:700%20bold%20regular%3A700%3Anormal&#8221;][vc_empty_space][\/vc_column][\/vc_row][vc_row][vc_column width=&#8221;1\/2&#8243;][vc_single_image image=&#8221;3245&#8243; img_size=&#8221;650&#215;410&#8243; style=&#8221;vc_box_outline&#8221; border_color=&#8221;juicy_pink&#8221; onclick=&#8221;zoom&#8221;][\/vc_column][vc_column css_animation=&#8221;bounceInRight&#8221; width=&#8221;1\/2&#8243;][vc_empty_space][vc_column_text] La selecci\u00f3n del lubricante correcto y su debida aplicaci\u00f3n a intervalos regulares contribuyen a prolongar la duraci\u00f3n de todas las piezas m\u00f3viles del veh\u00edculo. Consecuentemente, es importante utilizar aceites adecuados. La selecci\u00f3n correcta del aceite tendr\u00e1 mucho que ver con el &hellip; Continue reading Lubricaci\u00f3n del Auto\" \/>\n<meta property=\"og:url\" content=\"https:\/\/motores-japoneses.com\/nueva\/lubricacion-del-auto\/\" \/>\n<meta property=\"og:site_name\" content=\"MOTORES JAPONESES\" \/>\n<meta property=\"article:publisher\" content=\"https:\/\/www.facebook.com\/MotoresJaponeses.col\/?locale=es_LA\" \/>\n<meta property=\"article:modified_time\" content=\"2023-08-08T14:46:44+00:00\" \/>\n<meta name=\"twitter:card\" content=\"summary_large_image\" \/>\n<meta name=\"twitter:label1\" content=\"Tiempo de lectura\" \/>\n\t<meta name=\"twitter:data1\" content=\"3 minutos\" \/>\n<script type=\"application\/ld+json\" class=\"yoast-schema-graph\">{\"@context\":\"https:\/\/schema.org\",\"@graph\":[{\"@type\":\"WebPage\",\"@id\":\"https:\/\/motores-japoneses.com\/nueva\/lubricacion-del-auto\/\",\"url\":\"https:\/\/motores-japoneses.com\/nueva\/lubricacion-del-auto\/\",\"name\":\"Lubricaci\u00f3n del Auto - MOTORES JAPONESES\",\"isPartOf\":{\"@id\":\"http:\/\/motores-japoneses.com\/nueva\/#website\"},\"datePublished\":\"2023-07-28T20:02:05+00:00\",\"dateModified\":\"2023-08-08T14:46:44+00:00\",\"breadcrumb\":{\"@id\":\"https:\/\/motores-japoneses.com\/nueva\/lubricacion-del-auto\/#breadcrumb\"},\"inLanguage\":\"es-CO\",\"potentialAction\":[{\"@type\":\"ReadAction\",\"target\":[\"https:\/\/motores-japoneses.com\/nueva\/lubricacion-del-auto\/\"]}]},{\"@type\":\"BreadcrumbList\",\"@id\":\"https:\/\/motores-japoneses.com\/nueva\/lubricacion-del-auto\/#breadcrumb\",\"itemListElement\":[{\"@type\":\"ListItem\",\"position\":1,\"name\":\"Inicio\",\"item\":\"http:\/\/motores-japoneses.com\/nueva\/\"},{\"@type\":\"ListItem\",\"position\":2,\"name\":\"Lubricaci\u00f3n del Auto\"}]},{\"@type\":\"WebSite\",\"@id\":\"http:\/\/motores-japoneses.com\/nueva\/#website\",\"url\":\"http:\/\/motores-japoneses.com\/nueva\/\",\"name\":\"MOTORES JAPONESES S.A.S\",\"description\":\"Importamos para usted repuestos automotores\",\"publisher\":{\"@id\":\"http:\/\/motores-japoneses.com\/nueva\/#organization\"},\"potentialAction\":[{\"@type\":\"SearchAction\",\"target\":{\"@type\":\"EntryPoint\",\"urlTemplate\":\"http:\/\/motores-japoneses.com\/nueva\/?s={search_term_string}\"},\"query-input\":{\"@type\":\"PropertyValueSpecification\",\"valueRequired\":true,\"valueName\":\"search_term_string\"}}],\"inLanguage\":\"es-CO\"},{\"@type\":\"Organization\",\"@id\":\"http:\/\/motores-japoneses.com\/nueva\/#organization\",\"name\":\"MOTORES JAPONESES S.A.S\",\"url\":\"http:\/\/motores-japoneses.com\/nueva\/\",\"logo\":{\"@type\":\"ImageObject\",\"inLanguage\":\"es-CO\",\"@id\":\"http:\/\/motores-japoneses.com\/nueva\/#\/schema\/logo\/image\/\",\"url\":\"https:\/\/motores-japoneses.com\/nueva\/wp-content\/uploads\/2023\/10\/fondo-blanco-sas-png.png\",\"contentUrl\":\"https:\/\/motores-japoneses.com\/nueva\/wp-content\/uploads\/2023\/10\/fondo-blanco-sas-png.png\",\"width\":802,\"height\":330,\"caption\":\"MOTORES JAPONESES S.A.S\"},\"image\":{\"@id\":\"http:\/\/motores-japoneses.com\/nueva\/#\/schema\/logo\/image\/\"},\"sameAs\":[\"https:\/\/www.facebook.com\/MotoresJaponeses.col\/?locale=es_LA\",\"https:\/\/www.instagram.com\/motoresjaponeses.col\/\"]}]}<\/script>\n<!-- \/ Yoast SEO plugin. -->","yoast_head_json":{"title":"Lubricaci\u00f3n del Auto - MOTORES JAPONESES","robots":{"index":"index","follow":"follow","max-snippet":"max-snippet:-1","max-image-preview":"max-image-preview:large","max-video-preview":"max-video-preview:-1"},"canonical":"https:\/\/motores-japoneses.com\/nueva\/lubricacion-del-auto\/","og_locale":"es_ES","og_type":"article","og_title":"Lubricaci\u00f3n del Auto - MOTORES JAPONESES","og_description":"[vc_row][vc_column][vc_custom_heading text=&#8221;Lubricaci\u00f3n Del Veh\u00edculo&#8221; font_container=&#8221;tag:h2|font_size:32px|text_align:center|color:%231e8541&#8243; google_fonts=&#8221;font_family:Roboto%3A100%2C100italic%2C300%2C300italic%2Cregular%2Citalic%2C500%2C500italic%2C700%2C700italic%2C900%2C900italic|font_style:700%20bold%20regular%3A700%3Anormal&#8221;][vc_empty_space][\/vc_column][\/vc_row][vc_row][vc_column width=&#8221;1\/2&#8243;][vc_single_image image=&#8221;3245&#8243; img_size=&#8221;650&#215;410&#8243; style=&#8221;vc_box_outline&#8221; border_color=&#8221;juicy_pink&#8221; onclick=&#8221;zoom&#8221;][\/vc_column][vc_column css_animation=&#8221;bounceInRight&#8221; width=&#8221;1\/2&#8243;][vc_empty_space][vc_column_text] La selecci\u00f3n del lubricante correcto y su debida aplicaci\u00f3n a intervalos regulares contribuyen a prolongar la duraci\u00f3n de todas las piezas m\u00f3viles del veh\u00edculo. Consecuentemente, es importante utilizar aceites adecuados. La selecci\u00f3n correcta del aceite tendr\u00e1 mucho que ver con el &hellip; Continue reading Lubricaci\u00f3n del Auto","og_url":"https:\/\/motores-japoneses.com\/nueva\/lubricacion-del-auto\/","og_site_name":"MOTORES JAPONESES","article_publisher":"https:\/\/www.facebook.com\/MotoresJaponeses.col\/?locale=es_LA","article_modified_time":"2023-08-08T14:46:44+00:00","twitter_card":"summary_large_image","twitter_misc":{"Tiempo de lectura":"3 minutos"},"schema":{"@context":"https:\/\/schema.org","@graph":[{"@type":"WebPage","@id":"https:\/\/motores-japoneses.com\/nueva\/lubricacion-del-auto\/","url":"https:\/\/motores-japoneses.com\/nueva\/lubricacion-del-auto\/","name":"Lubricaci\u00f3n del Auto - MOTORES JAPONESES","isPartOf":{"@id":"http:\/\/motores-japoneses.com\/nueva\/#website"},"datePublished":"2023-07-28T20:02:05+00:00","dateModified":"2023-08-08T14:46:44+00:00","breadcrumb":{"@id":"https:\/\/motores-japoneses.com\/nueva\/lubricacion-del-auto\/#breadcrumb"},"inLanguage":"es-CO","potentialAction":[{"@type":"ReadAction","target":["https:\/\/motores-japoneses.com\/nueva\/lubricacion-del-auto\/"]}]},{"@type":"BreadcrumbList","@id":"https:\/\/motores-japoneses.com\/nueva\/lubricacion-del-auto\/#breadcrumb","itemListElement":[{"@type":"ListItem","position":1,"name":"Inicio","item":"http:\/\/motores-japoneses.com\/nueva\/"},{"@type":"ListItem","position":2,"name":"Lubricaci\u00f3n del Auto"}]},{"@type":"WebSite","@id":"http:\/\/motores-japoneses.com\/nueva\/#website","url":"http:\/\/motores-japoneses.com\/nueva\/","name":"MOTORES JAPONESES S.A.S","description":"Importamos para usted repuestos automotores","publisher":{"@id":"http:\/\/motores-japoneses.com\/nueva\/#organization"},"potentialAction":[{"@type":"SearchAction","target":{"@type":"EntryPoint","urlTemplate":"http:\/\/motores-japoneses.com\/nueva\/?s={search_term_string}"},"query-input":{"@type":"PropertyValueSpecification","valueRequired":true,"valueName":"search_term_string"}}],"inLanguage":"es-CO"},{"@type":"Organization","@id":"http:\/\/motores-japoneses.com\/nueva\/#organization","name":"MOTORES JAPONESES S.A.S","url":"http:\/\/motores-japoneses.com\/nueva\/","logo":{"@type":"ImageObject","inLanguage":"es-CO","@id":"http:\/\/motores-japoneses.com\/nueva\/#\/schema\/logo\/image\/","url":"https:\/\/motores-japoneses.com\/nueva\/wp-content\/uploads\/2023\/10\/fondo-blanco-sas-png.png","contentUrl":"https:\/\/motores-japoneses.com\/nueva\/wp-content\/uploads\/2023\/10\/fondo-blanco-sas-png.png","width":802,"height":330,"caption":"MOTORES JAPONESES S.A.S"},"image":{"@id":"http:\/\/motores-japoneses.com\/nueva\/#\/schema\/logo\/image\/"},"sameAs":["https:\/\/www.facebook.com\/MotoresJaponeses.col\/?locale=es_LA","https:\/\/www.instagram.com\/motoresjaponeses.col\/"]}]}},"_links":{"self":[{"href":"https:\/\/motores-japoneses.com\/nueva\/wp-json\/wp\/v2\/pages\/3237","targetHints":{"allow":["GET"]}}],"collection":[{"href":"https:\/\/motores-japoneses.com\/nueva\/wp-json\/wp\/v2\/pages"}],"about":[{"href":"https:\/\/motores-japoneses.com\/nueva\/wp-json\/wp\/v2\/types\/page"}],"author":[{"embeddable":true,"href":"https:\/\/motores-japoneses.com\/nueva\/wp-json\/wp\/v2\/users\/1"}],"replies":[{"embeddable":true,"href":"https:\/\/motores-japoneses.com\/nueva\/wp-json\/wp\/v2\/comments?post=3237"}],"version-history":[{"count":16,"href":"https:\/\/motores-japoneses.com\/nueva\/wp-json\/wp\/v2\/pages\/3237\/revisions"}],"predecessor-version":[{"id":3256,"href":"https:\/\/motores-japoneses.com\/nueva\/wp-json\/wp\/v2\/pages\/3237\/revisions\/3256"}],"wp:attachment":[{"href":"https:\/\/motores-japoneses.com\/nueva\/wp-json\/wp\/v2\/media?parent=3237"}],"curies":[{"name":"wp","href":"https:\/\/api.w.org\/{rel}","templated":true}]}}