{"id":3179,"date":"2023-07-19T17:29:52","date_gmt":"2023-07-19T22:29:52","guid":{"rendered":"http:\/\/motores-japoneses.com\/nueva\/?page_id=3179"},"modified":"2023-08-08T09:45:45","modified_gmt":"2023-08-08T14:45:45","slug":"interior-del-auto","status":"publish","type":"page","link":"https:\/\/motores-japoneses.com\/nueva\/interior-del-auto\/","title":{"rendered":"Interior del Auto"},"content":{"rendered":"<section class=\"wpb-content-wrapper\"><p>[vc_row][vc_column][vc_custom_heading text=&#8221;Cuidados Para El Interior De Tu Auto&#8221; font_container=&#8221;tag:h2|font_size:25|text_align:center|color:%231e8541&#8243; google_fonts=&#8221;font_family:Roboto%3A100%2C100italic%2C300%2C300italic%2Cregular%2Citalic%2C500%2C500italic%2C700%2C700italic%2C900%2C900italic|font_style:500%20bold%20regular%3A500%3Anormal&#8221;][vc_empty_space][\/vc_column][\/vc_row][vc_row][vc_column][vc_column_text]<\/p>\n<p style=\"text-align: justify; size: 18px; color: black;\">La limpieza en el interior del autom\u00f3vil tambi\u00e9n es importante por eso es aconsejable mantener limpios los asientos. En la limpieza de la tapicer\u00eda de tela y las alfombras se puede obtener un buen resultado utilizando aspiradora de polvo o cepillo para ropa. En caso de manchas peque\u00f1as o suciedad leve, pase un cepillo h\u00famedo con agua y jab\u00f3n neutro. Para manchas de grasa o aceite, retire el exceso con una cinta adhesiva. Despu\u00e9s, pase una tela h\u00fameda en bencina. Nunca exagere en la cantidad del l\u00edquido, ya que puede ser perjudicial si penetra en el tapiz. En tapicer\u00eda de cuero, con pasar una esponja con agua tibia y jab\u00f3n neutro es suficiente. Las manchas pueden ser removidas con disolventes adecuados. Antes de utilizar el producto hay que cerciorarse de que la pieza est\u00e9 libre de polvo.<\/p>\n<p>[\/vc_column_text][\/vc_column][\/vc_row][vc_row][vc_column css_animation=&#8221;slideInLeft&#8221; width=&#8221;1\/2&#8243;][vc_single_image image=&#8221;3183&#8243; img_size=&#8221;large&#8221; style=&#8221;vc_box_outline&#8221; border_color=&#8221;juicy_pink&#8221;][\/vc_column][vc_column css_animation=&#8221;slideInRight&#8221; width=&#8221;1\/2&#8243;][vc_single_image image=&#8221;3182&#8243; img_size=&#8221;large&#8221; style=&#8221;vc_box_outline&#8221; border_color=&#8221;juicy_pink&#8221;][\/vc_column][\/vc_row][vc_row][vc_column][vc_column_text]<\/p>\n<p style=\"text-align: justify; size: 18px; color: black;\">Para enjuagar, use tela o esponja h\u00fameda con agua limpia. Seque con tela suave o toalla. No use bencina ni permita que el agua entre en el tapiz, lo que puede ser perjudicial. Para evitar da\u00f1os al veh\u00edculo recuerde no usar disolventes vol\u00e1tiles, como acetona, thinner, reductores de lacas o materiales de limpieza, como blanqueadores, agua de cloro o agentes reductores. No use gasolina para la limpieza. Las manchas deben ser removidas lo m\u00e1s pronto posible, antes que se tornen permanentes.<\/p>\n<p>[\/vc_column_text][\/vc_column][\/vc_row][vc_row][vc_column css_animation=&#8221;slideInDown&#8221; width=&#8221;1\/2&#8243;][vc_empty_space][vc_single_image image=&#8221;3190&#8243; img_size=&#8221;large&#8221; style=&#8221;vc_box_outline&#8221; border_color=&#8221;juicy_pink&#8221;][\/vc_column][vc_column width=&#8221;1\/2&#8243;][vc_single_image image=&#8221;3191&#8243; img_size=&#8221;large&#8221; style=&#8221;vc_box_outline&#8221; border_color=&#8221;juicy_pink&#8221; css_animation=&#8221;slideInUp&#8221;][\/vc_column][\/vc_row]<\/p>\n<\/section>","protected":false},"excerpt":{"rendered":"<p>[vc_row][vc_column][vc_custom_heading text=&#8221;Cuidados Para El Interior De Tu Auto&#8221; font_container=&#8221;tag:h2|font_size:25|text_align:center|color:%231e8541&#8243; google_fonts=&#8221;font_family:Roboto%3A100%2C100italic%2C300%2C300italic%2Cregular%2Citalic%2C500%2C500italic%2C700%2C700italic%2C900%2C900italic|font_style:500%20bold%20regular%3A500%3Anormal&#8221;][vc_empty_space][\/vc_column][\/vc_row][vc_row][vc_column][vc_column_text] La limpieza en el interior del autom\u00f3vil tambi\u00e9n es importante por eso es aconsejable mantener limpios los asientos. En la limpieza de la tapicer\u00eda de tela y las alfombras se puede obtener un buen resultado utilizando aspiradora de polvo o cepillo para ropa. En caso &hellip; <a href=\"https:\/\/motores-japoneses.com\/nueva\/interior-del-auto\/\" class=\"more-link\">Continue reading <span class=\"screen-reader-text\">Interior del Auto<\/span><\/a><\/p>\n","protected":false},"author":1,"featured_media":0,"parent":0,"menu_order":0,"comment_status":"closed","ping_status":"closed","template":"","meta":{"footnotes":""},"class_list":["post-3179","page","type-page","status-publish","hentry"],"yoast_head":"<!-- This site is optimized with the Yoast SEO plugin v26.0 - https:\/\/yoast.com\/wordpress\/plugins\/seo\/ -->\n<title>Interior del Auto - MOTORES JAPONESES<\/title>\n<meta name=\"robots\" content=\"index, follow, max-snippet:-1, max-image-preview:large, max-video-preview:-1\" \/>\n<link rel=\"canonical\" href=\"https:\/\/motores-japoneses.com\/nueva\/interior-del-auto\/\" \/>\n<meta property=\"og:locale\" content=\"es_ES\" \/>\n<meta property=\"og:type\" content=\"article\" \/>\n<meta property=\"og:title\" content=\"Interior del Auto - MOTORES JAPONESES\" \/>\n<meta property=\"og:description\" content=\"[vc_row][vc_column][vc_custom_heading text=&#8221;Cuidados Para El Interior De Tu Auto&#8221; font_container=&#8221;tag:h2|font_size:25|text_align:center|color:%231e8541&#8243; google_fonts=&#8221;font_family:Roboto%3A100%2C100italic%2C300%2C300italic%2Cregular%2Citalic%2C500%2C500italic%2C700%2C700italic%2C900%2C900italic|font_style:500%20bold%20regular%3A500%3Anormal&#8221;][vc_empty_space][\/vc_column][\/vc_row][vc_row][vc_column][vc_column_text] La limpieza en el interior del autom\u00f3vil tambi\u00e9n es importante por eso es aconsejable mantener limpios los asientos. En la limpieza de la tapicer\u00eda de tela y las alfombras se puede obtener un buen resultado utilizando aspiradora de polvo o cepillo para ropa. En caso &hellip; Continue reading Interior del Auto\" \/>\n<meta property=\"og:url\" content=\"https:\/\/motores-japoneses.com\/nueva\/interior-del-auto\/\" \/>\n<meta property=\"og:site_name\" content=\"MOTORES JAPONESES\" \/>\n<meta property=\"article:publisher\" content=\"https:\/\/www.facebook.com\/MotoresJaponeses.col\/?locale=es_LA\" \/>\n<meta property=\"article:modified_time\" content=\"2023-08-08T14:45:45+00:00\" \/>\n<meta name=\"twitter:card\" content=\"summary_large_image\" \/>\n<meta name=\"twitter:label1\" content=\"Tiempo de lectura\" \/>\n\t<meta name=\"twitter:data1\" content=\"2 minutos\" \/>\n<script type=\"application\/ld+json\" class=\"yoast-schema-graph\">{\"@context\":\"https:\/\/schema.org\",\"@graph\":[{\"@type\":\"WebPage\",\"@id\":\"https:\/\/motores-japoneses.com\/nueva\/interior-del-auto\/\",\"url\":\"https:\/\/motores-japoneses.com\/nueva\/interior-del-auto\/\",\"name\":\"Interior del Auto - MOTORES JAPONESES\",\"isPartOf\":{\"@id\":\"http:\/\/motores-japoneses.com\/nueva\/#website\"},\"datePublished\":\"2023-07-19T22:29:52+00:00\",\"dateModified\":\"2023-08-08T14:45:45+00:00\",\"breadcrumb\":{\"@id\":\"https:\/\/motores-japoneses.com\/nueva\/interior-del-auto\/#breadcrumb\"},\"inLanguage\":\"es-CO\",\"potentialAction\":[{\"@type\":\"ReadAction\",\"target\":[\"https:\/\/motores-japoneses.com\/nueva\/interior-del-auto\/\"]}]},{\"@type\":\"BreadcrumbList\",\"@id\":\"https:\/\/motores-japoneses.com\/nueva\/interior-del-auto\/#breadcrumb\",\"itemListElement\":[{\"@type\":\"ListItem\",\"position\":1,\"name\":\"Inicio\",\"item\":\"http:\/\/motores-japoneses.com\/nueva\/\"},{\"@type\":\"ListItem\",\"position\":2,\"name\":\"Interior del Auto\"}]},{\"@type\":\"WebSite\",\"@id\":\"http:\/\/motores-japoneses.com\/nueva\/#website\",\"url\":\"http:\/\/motores-japoneses.com\/nueva\/\",\"name\":\"MOTORES JAPONESES S.A.S\",\"description\":\"Importamos para usted repuestos automotores\",\"publisher\":{\"@id\":\"http:\/\/motores-japoneses.com\/nueva\/#organization\"},\"potentialAction\":[{\"@type\":\"SearchAction\",\"target\":{\"@type\":\"EntryPoint\",\"urlTemplate\":\"http:\/\/motores-japoneses.com\/nueva\/?s={search_term_string}\"},\"query-input\":{\"@type\":\"PropertyValueSpecification\",\"valueRequired\":true,\"valueName\":\"search_term_string\"}}],\"inLanguage\":\"es-CO\"},{\"@type\":\"Organization\",\"@id\":\"http:\/\/motores-japoneses.com\/nueva\/#organization\",\"name\":\"MOTORES JAPONESES S.A.S\",\"url\":\"http:\/\/motores-japoneses.com\/nueva\/\",\"logo\":{\"@type\":\"ImageObject\",\"inLanguage\":\"es-CO\",\"@id\":\"http:\/\/motores-japoneses.com\/nueva\/#\/schema\/logo\/image\/\",\"url\":\"https:\/\/motores-japoneses.com\/nueva\/wp-content\/uploads\/2023\/10\/fondo-blanco-sas-png.png\",\"contentUrl\":\"https:\/\/motores-japoneses.com\/nueva\/wp-content\/uploads\/2023\/10\/fondo-blanco-sas-png.png\",\"width\":802,\"height\":330,\"caption\":\"MOTORES JAPONESES S.A.S\"},\"image\":{\"@id\":\"http:\/\/motores-japoneses.com\/nueva\/#\/schema\/logo\/image\/\"},\"sameAs\":[\"https:\/\/www.facebook.com\/MotoresJaponeses.col\/?locale=es_LA\",\"https:\/\/www.instagram.com\/motoresjaponeses.col\/\"]}]}<\/script>\n<!-- \/ Yoast SEO plugin. -->","yoast_head_json":{"title":"Interior del Auto - MOTORES JAPONESES","robots":{"index":"index","follow":"follow","max-snippet":"max-snippet:-1","max-image-preview":"max-image-preview:large","max-video-preview":"max-video-preview:-1"},"canonical":"https:\/\/motores-japoneses.com\/nueva\/interior-del-auto\/","og_locale":"es_ES","og_type":"article","og_title":"Interior del Auto - MOTORES JAPONESES","og_description":"[vc_row][vc_column][vc_custom_heading text=&#8221;Cuidados Para El Interior De Tu Auto&#8221; font_container=&#8221;tag:h2|font_size:25|text_align:center|color:%231e8541&#8243; google_fonts=&#8221;font_family:Roboto%3A100%2C100italic%2C300%2C300italic%2Cregular%2Citalic%2C500%2C500italic%2C700%2C700italic%2C900%2C900italic|font_style:500%20bold%20regular%3A500%3Anormal&#8221;][vc_empty_space][\/vc_column][\/vc_row][vc_row][vc_column][vc_column_text] La limpieza en el interior del autom\u00f3vil tambi\u00e9n es importante por eso es aconsejable mantener limpios los asientos. En la limpieza de la tapicer\u00eda de tela y las alfombras se puede obtener un buen resultado utilizando aspiradora de polvo o cepillo para ropa. En caso &hellip; Continue reading Interior del Auto","og_url":"https:\/\/motores-japoneses.com\/nueva\/interior-del-auto\/","og_site_name":"MOTORES JAPONESES","article_publisher":"https:\/\/www.facebook.com\/MotoresJaponeses.col\/?locale=es_LA","article_modified_time":"2023-08-08T14:45:45+00:00","twitter_card":"summary_large_image","twitter_misc":{"Tiempo de lectura":"2 minutos"},"schema":{"@context":"https:\/\/schema.org","@graph":[{"@type":"WebPage","@id":"https:\/\/motores-japoneses.com\/nueva\/interior-del-auto\/","url":"https:\/\/motores-japoneses.com\/nueva\/interior-del-auto\/","name":"Interior del Auto - MOTORES JAPONESES","isPartOf":{"@id":"http:\/\/motores-japoneses.com\/nueva\/#website"},"datePublished":"2023-07-19T22:29:52+00:00","dateModified":"2023-08-08T14:45:45+00:00","breadcrumb":{"@id":"https:\/\/motores-japoneses.com\/nueva\/interior-del-auto\/#breadcrumb"},"inLanguage":"es-CO","potentialAction":[{"@type":"ReadAction","target":["https:\/\/motores-japoneses.com\/nueva\/interior-del-auto\/"]}]},{"@type":"BreadcrumbList","@id":"https:\/\/motores-japoneses.com\/nueva\/interior-del-auto\/#breadcrumb","itemListElement":[{"@type":"ListItem","position":1,"name":"Inicio","item":"http:\/\/motores-japoneses.com\/nueva\/"},{"@type":"ListItem","position":2,"name":"Interior del Auto"}]},{"@type":"WebSite","@id":"http:\/\/motores-japoneses.com\/nueva\/#website","url":"http:\/\/motores-japoneses.com\/nueva\/","name":"MOTORES JAPONESES S.A.S","description":"Importamos para usted repuestos automotores","publisher":{"@id":"http:\/\/motores-japoneses.com\/nueva\/#organization"},"potentialAction":[{"@type":"SearchAction","target":{"@type":"EntryPoint","urlTemplate":"http:\/\/motores-japoneses.com\/nueva\/?s={search_term_string}"},"query-input":{"@type":"PropertyValueSpecification","valueRequired":true,"valueName":"search_term_string"}}],"inLanguage":"es-CO"},{"@type":"Organization","@id":"http:\/\/motores-japoneses.com\/nueva\/#organization","name":"MOTORES JAPONESES S.A.S","url":"http:\/\/motores-japoneses.com\/nueva\/","logo":{"@type":"ImageObject","inLanguage":"es-CO","@id":"http:\/\/motores-japoneses.com\/nueva\/#\/schema\/logo\/image\/","url":"https:\/\/motores-japoneses.com\/nueva\/wp-content\/uploads\/2023\/10\/fondo-blanco-sas-png.png","contentUrl":"https:\/\/motores-japoneses.com\/nueva\/wp-content\/uploads\/2023\/10\/fondo-blanco-sas-png.png","width":802,"height":330,"caption":"MOTORES JAPONESES S.A.S"},"image":{"@id":"http:\/\/motores-japoneses.com\/nueva\/#\/schema\/logo\/image\/"},"sameAs":["https:\/\/www.facebook.com\/MotoresJaponeses.col\/?locale=es_LA","https:\/\/www.instagram.com\/motoresjaponeses.col\/"]}]}},"_links":{"self":[{"href":"https:\/\/motores-japoneses.com\/nueva\/wp-json\/wp\/v2\/pages\/3179","targetHints":{"allow":["GET"]}}],"collection":[{"href":"https:\/\/motores-japoneses.com\/nueva\/wp-json\/wp\/v2\/pages"}],"about":[{"href":"https:\/\/motores-japoneses.com\/nueva\/wp-json\/wp\/v2\/types\/page"}],"author":[{"embeddable":true,"href":"https:\/\/motores-japoneses.com\/nueva\/wp-json\/wp\/v2\/users\/1"}],"replies":[{"embeddable":true,"href":"https:\/\/motores-japoneses.com\/nueva\/wp-json\/wp\/v2\/comments?post=3179"}],"version-history":[{"count":16,"href":"https:\/\/motores-japoneses.com\/nueva\/wp-json\/wp\/v2\/pages\/3179\/revisions"}],"predecessor-version":[{"id":3348,"href":"https:\/\/motores-japoneses.com\/nueva\/wp-json\/wp\/v2\/pages\/3179\/revisions\/3348"}],"wp:attachment":[{"href":"https:\/\/motores-japoneses.com\/nueva\/wp-json\/wp\/v2\/media?parent=3179"}],"curies":[{"name":"wp","href":"https:\/\/api.w.org\/{rel}","templated":true}]}}